{"id":3101,"date":"2016-10-15T14:32:50","date_gmt":"2016-10-15T12:32:50","guid":{"rendered":"https:\/\/www.karlsschuetzengilde.de\/?page_id=3101"},"modified":"2023-08-09T20:53:05","modified_gmt":"2023-08-09T18:53:05","slug":"majestaeten","status":"publish","type":"page","link":"https:\/\/www.karlsschuetzengilde.de.cool\/?page_id=3101","title":{"rendered":"Majest\u00e4ten"},"content":{"rendered":"<p><strong>Majest\u00e4ten 2023 der Karlssch\u00fctzen-Gilde<\/strong><\/p>\n<p><a href=\"https:\/\/www.karlsschuetzengilde.de.cool\/wp-content\/uploads\/2023\/08\/Schuetzenkoenig-2023-scaled.jpg\"><img loading=\"lazy\" decoding=\"async\" class=\"alignnone wp-image-8461 size-medium\" src=\"https:\/\/www.karlsschuetzengilde.de.cool\/wp-content\/uploads\/2023\/08\/Schuetzenkoenig-2023-179x300.jpg\" alt=\"\" width=\"179\" height=\"300\" srcset=\"https:\/\/www.karlsschuetzengilde.de.cool\/wp-content\/uploads\/2023\/08\/Schuetzenkoenig-2023-179x300.jpg 179w, https:\/\/www.karlsschuetzengilde.de.cool\/wp-content\/uploads\/2023\/08\/Schuetzenkoenig-2023-613x1024.jpg 613w, https:\/\/www.karlsschuetzengilde.de.cool\/wp-content\/uploads\/2023\/08\/Schuetzenkoenig-2023-768x1284.jpg 768w, https:\/\/www.karlsschuetzengilde.de.cool\/wp-content\/uploads\/2023\/08\/Schuetzenkoenig-2023-919x1536.jpg 919w, https:\/\/www.karlsschuetzengilde.de.cool\/wp-content\/uploads\/2023\/08\/Schuetzenkoenig-2023-1225x2048.jpg 1225w, https:\/\/www.karlsschuetzengilde.de.cool\/wp-content\/uploads\/2023\/08\/Schuetzenkoenig-2023-624x1043.jpg 624w, https:\/\/www.karlsschuetzengilde.de.cool\/wp-content\/uploads\/2023\/08\/Schuetzenkoenig-2023-scaled.jpg 1531w\" sizes=\"auto, (max-width: 179px) 100vw, 179px\" \/><\/a>&nbsp; &nbsp; <strong>K\u00f6nig<\/strong> Robert van Eisern<\/p>\n<p><a href=\"https:\/\/www.karlsschuetzengilde.de.cool\/wp-content\/uploads\/2023\/08\/Schuetzenprinzessin-2023-scaled.jpg\"><img loading=\"lazy\" decoding=\"async\" class=\"alignnone size-medium wp-image-8462\" src=\"https:\/\/www.karlsschuetzengilde.de.cool\/wp-content\/uploads\/2023\/08\/Schuetzenprinzessin-2023-176x300.jpg\" alt=\"\" width=\"176\" height=\"300\" srcset=\"https:\/\/www.karlsschuetzengilde.de.cool\/wp-content\/uploads\/2023\/08\/Schuetzenprinzessin-2023-176x300.jpg 176w, https:\/\/www.karlsschuetzengilde.de.cool\/wp-content\/uploads\/2023\/08\/Schuetzenprinzessin-2023-601x1024.jpg 601w, https:\/\/www.karlsschuetzengilde.de.cool\/wp-content\/uploads\/2023\/08\/Schuetzenprinzessin-2023-768x1309.jpg 768w, https:\/\/www.karlsschuetzengilde.de.cool\/wp-content\/uploads\/2023\/08\/Schuetzenprinzessin-2023-901x1536.jpg 901w, https:\/\/www.karlsschuetzengilde.de.cool\/wp-content\/uploads\/2023\/08\/Schuetzenprinzessin-2023-1202x2048.jpg 1202w, https:\/\/www.karlsschuetzengilde.de.cool\/wp-content\/uploads\/2023\/08\/Schuetzenprinzessin-2023-624x1064.jpg 624w, https:\/\/www.karlsschuetzengilde.de.cool\/wp-content\/uploads\/2023\/08\/Schuetzenprinzessin-2023-scaled.jpg 1502w\" sizes=\"auto, (max-width: 176px) 100vw, 176px\" \/><\/a>&nbsp; &nbsp; <strong>Prinzessin<\/strong> Ines Conrad&nbsp; &nbsp;<\/p>\n<p><a href=\"https:\/\/www.karlsschuetzengilde.de.cool\/wp-content\/uploads\/2023\/08\/Scheibenkoenig-2023-scaled.jpg\"><img loading=\"lazy\" decoding=\"async\" class=\"alignnone size-medium wp-image-8460\" src=\"https:\/\/www.karlsschuetzengilde.de.cool\/wp-content\/uploads\/2023\/08\/Scheibenkoenig-2023-188x300.jpg\" alt=\"\" width=\"188\" height=\"300\" srcset=\"https:\/\/www.karlsschuetzengilde.de.cool\/wp-content\/uploads\/2023\/08\/Scheibenkoenig-2023-188x300.jpg 188w, https:\/\/www.karlsschuetzengilde.de.cool\/wp-content\/uploads\/2023\/08\/Scheibenkoenig-2023-641x1024.jpg 641w, https:\/\/www.karlsschuetzengilde.de.cool\/wp-content\/uploads\/2023\/08\/Scheibenkoenig-2023-768x1228.jpg 768w, https:\/\/www.karlsschuetzengilde.de.cool\/wp-content\/uploads\/2023\/08\/Scheibenkoenig-2023-961x1536.jpg 961w, https:\/\/www.karlsschuetzengilde.de.cool\/wp-content\/uploads\/2023\/08\/Scheibenkoenig-2023-1281x2048.jpg 1281w, https:\/\/www.karlsschuetzengilde.de.cool\/wp-content\/uploads\/2023\/08\/Scheibenkoenig-2023-624x998.jpg 624w, https:\/\/www.karlsschuetzengilde.de.cool\/wp-content\/uploads\/2023\/08\/Scheibenkoenig-2023-scaled.jpg 1601w\" sizes=\"auto, (max-width: 188px) 100vw, 188px\" \/><\/a>&nbsp; &nbsp; &nbsp;<strong>Scheibenk\u00f6nig<\/strong> Philipp Ortmanns<\/p>\n<p><a href=\"https:\/\/www.karlsschuetzengilde.de.cool\/wp-content\/uploads\/2023\/08\/Schuetzenkoenig-2023-scaled.jpg\"><img loading=\"lazy\" decoding=\"async\" class=\"alignnone wp-image-8461 size-medium\" src=\"https:\/\/www.karlsschuetzengilde.de.cool\/wp-content\/uploads\/2023\/08\/Schuetzenkoenig-2023-179x300.jpg\" alt=\"\" width=\"179\" height=\"300\" srcset=\"https:\/\/www.karlsschuetzengilde.de.cool\/wp-content\/uploads\/2023\/08\/Schuetzenkoenig-2023-179x300.jpg 179w, https:\/\/www.karlsschuetzengilde.de.cool\/wp-content\/uploads\/2023\/08\/Schuetzenkoenig-2023-613x1024.jpg 613w, https:\/\/www.karlsschuetzengilde.de.cool\/wp-content\/uploads\/2023\/08\/Schuetzenkoenig-2023-768x1284.jpg 768w, https:\/\/www.karlsschuetzengilde.de.cool\/wp-content\/uploads\/2023\/08\/Schuetzenkoenig-2023-919x1536.jpg 919w, https:\/\/www.karlsschuetzengilde.de.cool\/wp-content\/uploads\/2023\/08\/Schuetzenkoenig-2023-1225x2048.jpg 1225w, https:\/\/www.karlsschuetzengilde.de.cool\/wp-content\/uploads\/2023\/08\/Schuetzenkoenig-2023-624x1043.jpg 624w, https:\/\/www.karlsschuetzengilde.de.cool\/wp-content\/uploads\/2023\/08\/Schuetzenkoenig-2023-scaled.jpg 1531w\" sizes=\"auto, (max-width: 179px) 100vw, 179px\" \/><\/a> &nbsp; <strong>Ehrenk\u00f6nig<\/strong> Robert van Eisern<\/p>\n\n\n<p><\/p>","protected":false},"excerpt":{"rendered":"<p>Majest\u00e4ten 2023 der Karlssch\u00fctzen-Gilde &nbsp; &nbsp; K\u00f6nig Robert van Eisern &nbsp; &nbsp; Prinzessin Ines Conrad&nbsp; &nbsp; &nbsp; &nbsp; &nbsp;Scheibenk\u00f6nig Philipp Ortmanns &nbsp; Ehrenk\u00f6nig Robert van Eisern<\/p>\n","protected":false},"author":3,"featured_media":0,"parent":4187,"menu_order":4,"comment_status":"closed","ping_status":"closed","template":"","meta":{"ngg_post_thumbnail":0,"footnotes":""},"class_list":["post-3101","page","type-page","status-publish","hentry"],"_links":{"self":[{"href":"https:\/\/www.karlsschuetzengilde.de.cool\/index.php?rest_route=\/wp\/v2\/pages\/3101","targetHints":{"allow":["GET"]}}],"collection":[{"href":"https:\/\/www.karlsschuetzengilde.de.cool\/index.php?rest_route=\/wp\/v2\/pages"}],"about":[{"href":"https:\/\/www.karlsschuetzengilde.de.cool\/index.php?rest_route=\/wp\/v2\/types\/page"}],"author":[{"embeddable":true,"href":"https:\/\/www.karlsschuetzengilde.de.cool\/index.php?rest_route=\/wp\/v2\/users\/3"}],"replies":[{"embeddable":true,"href":"https:\/\/www.karlsschuetzengilde.de.cool\/index.php?rest_route=%2Fwp%2Fv2%2Fcomments&post=3101"}],"version-history":[{"count":21,"href":"https:\/\/www.karlsschuetzengilde.de.cool\/index.php?rest_route=\/wp\/v2\/pages\/3101\/revisions"}],"predecessor-version":[{"id":8465,"href":"https:\/\/www.karlsschuetzengilde.de.cool\/index.php?rest_route=\/wp\/v2\/pages\/3101\/revisions\/8465"}],"up":[{"embeddable":true,"href":"https:\/\/www.karlsschuetzengilde.de.cool\/index.php?rest_route=\/wp\/v2\/pages\/4187"}],"wp:attachment":[{"href":"https:\/\/www.karlsschuetzengilde.de.cool\/index.php?rest_route=%2Fwp%2Fv2%2Fmedia&parent=3101"}],"curies":[{"name":"wp","href":"https:\/\/api.w.org\/{rel}","templated":true}]}}